{"id":15391,"date":"2022-06-08T09:14:46","date_gmt":"2022-06-08T09:14:46","guid":{"rendered":"https:\/\/www.ceylonescapades.solutionsw3.com\/?page_id=15391"},"modified":"2022-12-28T10:59:12","modified_gmt":"2022-12-28T10:59:12","slug":"politica-de-confidencialidad","status":"publish","type":"page","link":"https:\/\/ceylonescapade.com\/es\/politica-de-confidencialidad\/","title":{"rendered":"Pol\u00edtica de Confidencialidad"},"content":{"rendered":"<p>Viajar es una experiencia hermosa y enriquecedora, y nos esforzamos por planificar y llevar a cabo el viaje de su vida cuando trabaja en su viaje a Sri Lanka, y m\u00e1s all\u00e1, con nosotros. Dise\u00f1ar un viaje completamente a medida requiere un conocimiento \u00edntimo de nuestros clientes y, para que podamos planificar su viaje con usted, tendremos que pedirle un poco de informaci\u00f3n personal. Entendemos perfectamente lo importante que es mantener a salvo su informaci\u00f3n personal y nos comprometemos a ser abiertos con usted en lo que respecta a la informaci\u00f3n personal que nos conf\u00ede.<\/p>\n<p>La informaci\u00f3n personal que podemos recopilar y procesar (a trav\u00e9s de, entre otros, nuestro sitio web, llamadas telef\u00f3nicas, Skype y correo electr\u00f3nico) incluye, entre otros, su nombre (y el de los dem\u00e1s miembros de su grupo o cliente), informaci\u00f3n de contacto (incluida su direcci\u00f3n de correo electr\u00f3nico, n\u00famero de tel\u00e9fono y direcci\u00f3n postal) y pa\u00eds de residencia. Si decide viajar con nosotros, la informaci\u00f3n personal que le pedimos puede ser un poco m\u00e1s detallada para que podamos planificar su viaje teniendo en cuenta cualquier requisito espec\u00edfico, incluidos, entre otros, datos del pasaporte, datos de pago, requisitos diet\u00e9ticos, preferencias de viaje, aniversarios, as\u00ed como informaci\u00f3n relativa a menores (que puede requerir el consentimiento de los padres o tutores).<\/p>\n<p>Recopilamos su informaci\u00f3n por las siguientes razones principales:<\/p>\n<ul>\n<li>Proporcionarle la mejor experiencia posible al utilizar nuestro sitio web o al tratar con nosotros por otros medios, en funci\u00f3n de lo que est\u00e9 buscando, de d\u00f3nde se encuentre y del dispositivo que est\u00e9 utilizando.<\/li>\n<li>Para poder ponernos en contacto con usted de forma eficaz en caso de que se ponga en contacto con nosotros o solicite informaci\u00f3n.<\/li>\n<li>Para asegurarnos de que planificamos y ejecutamos el viaje m\u00e1s adecuado para usted.<\/li>\n<\/ul>\n<p>Minimizamos la cantidad de informaci\u00f3n personal que revelamos a lo que es directamente relevante y necesario para lograr el prop\u00f3sito especificado y no compartimos su informaci\u00f3n personal con terceros con fines de marketing. Divulgaremos \u00fanicamente la informaci\u00f3n necesaria para los proveedores de servicios, incluidas las personas encargadas de realizar\/prestar servicios relacionados con el viaje, la excursi\u00f3n y los preparativos del viaje, como por ejemplo:<\/p>\n<ul>\n<li>Hoteles y otros proveedores de alojamiento<\/li>\n<li>Transportistas (a\u00e9reos, mar\u00edtimos y terrestres) y otros proveedores de transporte<\/li>\n<li>Ch\u00f3feres, gu\u00edas y conductores<\/li>\n<li>Agencias gubernamentales<\/li>\n<li>Sitios hist\u00f3ricos, parques nacionales, lugares de inter\u00e9s, instalaciones recreativas<\/li>\n<li>Otros proveedores de servicios similares<\/li>\n<\/ul>\n<p><strong>Ceylon Escapade Partners (Pvt) Ltd<\/strong><br \/>\nNo. 68\/70, Isuru Mawatha<br \/>\nYakkala<br \/>\nTel: +94 77 712 6057<br \/>\nE-mail: <a href=\"mailto:info@ceylonescapade.com\">info@ceylonescapade.com<\/a><\/p>\n","protected":false},"excerpt":{"rendered":"<p>Viajar es una experiencia hermosa y enriquecedora, y nos esforzamos por planificar y llevar a cabo el viaje de su vida cuando trabaja en su viaje a Sri Lanka, y m\u00e1s all\u00e1, con nosotros. Dise\u00f1ar un viaje completamente a medida requiere un conocimiento \u00edntimo de nuestros clientes y, para que podamos planificar su viaje con [&hellip;]<\/p>\n","protected":false},"author":1,"featured_media":14916,"parent":0,"menu_order":0,"comment_status":"closed","ping_status":"closed","template":"","meta":{"footnotes":""},"class_list":["post-15391","page","type-page","status-publish","has-post-thumbnail","hentry"],"_links":{"self":[{"href":"https:\/\/ceylonescapade.com\/es\/wp-json\/wp\/v2\/pages\/15391","targetHints":{"allow":["GET"]}}],"collection":[{"href":"https:\/\/ceylonescapade.com\/es\/wp-json\/wp\/v2\/pages"}],"about":[{"href":"https:\/\/ceylonescapade.com\/es\/wp-json\/wp\/v2\/types\/page"}],"author":[{"embeddable":true,"href":"https:\/\/ceylonescapade.com\/es\/wp-json\/wp\/v2\/users\/1"}],"replies":[{"embeddable":true,"href":"https:\/\/ceylonescapade.com\/es\/wp-json\/wp\/v2\/comments?post=15391"}],"version-history":[{"count":2,"href":"https:\/\/ceylonescapade.com\/es\/wp-json\/wp\/v2\/pages\/15391\/revisions"}],"predecessor-version":[{"id":15496,"href":"https:\/\/ceylonescapade.com\/es\/wp-json\/wp\/v2\/pages\/15391\/revisions\/15496"}],"wp:featuredmedia":[{"embeddable":true,"href":"https:\/\/ceylonescapade.com\/es\/wp-json\/wp\/v2\/media\/14916"}],"wp:attachment":[{"href":"https:\/\/ceylonescapade.com\/es\/wp-json\/wp\/v2\/media?parent=15391"}],"curies":[{"name":"wp","href":"https:\/\/api.w.org\/{rel}","templated":true}]}}