{"id":15360,"date":"2022-04-18T03:48:43","date_gmt":"2022-04-18T03:48:43","guid":{"rendered":"https:\/\/www.ceylonescapades.solutionsw3.com\/?page_id=15360"},"modified":"2022-12-28T06:04:04","modified_gmt":"2022-12-28T06:04:04","slug":"faq","status":"publish","type":"page","link":"https:\/\/ceylonescapade.com\/es\/faq\/","title":{"rendered":"FAQ"},"content":{"rendered":"\t\t<div data-elementor-type=\"wp-page\" data-elementor-id=\"15360\" class=\"elementor elementor-15360 elementor-843\" data-elementor-post-type=\"page\">\n\t\t\t\t\t\t<section class=\"elementor-section elementor-inner-section elementor-element elementor-element-16f68bb elementor-section-boxed elementor-section-height-default elementor-section-height-default\" data-id=\"16f68bb\" data-element_type=\"section\" data-settings=\"{&quot;_ha_eqh_enable&quot;:false}\">\n\t\t\t\t\t\t<div class=\"elementor-container elementor-column-gap-default\">\n\t\t\t\t\t<div class=\"elementor-column elementor-col-50 elementor-inner-column elementor-element elementor-element-7ed3330b\" data-id=\"7ed3330b\" data-element_type=\"column\">\n\t\t\t<div class=\"elementor-widget-wrap elementor-element-populated\">\n\t\t\t\t\t\t<div class=\"elementor-element elementor-element-7c66661 elementor-widget elementor-widget-heading\" data-id=\"7c66661\" data-element_type=\"widget\" data-widget_type=\"heading.default\">\n\t\t\t\t<div class=\"elementor-widget-container\">\n\t\t\t<h3 class=\"elementor-heading-title elementor-size-default\">INFORMACIONES DE PRE-VIAJE<\/h3>\t\t<\/div>\n\t\t\t\t<\/div>\n\t\t\t\t<div class=\"elementor-element elementor-element-51814d95 elementor-widget elementor-widget-st_faq\" data-id=\"51814d95\" data-element_type=\"widget\" data-widget_type=\"st_faq.default\">\n\t\t\t\t<div class=\"elementor-widget-container\">\n\t\t\t<div class=\"accordion faq style1\" id=\"accordion_el-tiempo-y-cuando-viajar\">\r\n    <div class=\"accordion-item\">\r\n        <h2 class=\"accordion-header\" id=\"heading_el-tiempo-y-cuando-viajar\">\r\n            <button class=\"accordion-button   collapsed\"\r\n                type=\"button\"\r\n                data-bs-toggle=\"collapse\"\r\n                data-bs-target=\"#st-el-tiempo-y-cuando-viajar\"\r\n                aria-expanded=\"false\"\r\n                aria-controls=\"el-tiempo-y-cuando-viajar\"\r\n            >\r\n                El tiempo y cuando viajar             <\/button>\r\n        <\/h2>\r\n        <div id=\"st-el-tiempo-y-cuando-viajar\" class=\"accordion-collapse collapse \"\r\n            aria-labelledby=\"heading_el-tiempo-y-cuando-viajar\"\r\n            data-bs-parent=\"#accordion_el-tiempo-y-cuando-viajar\"\r\n        >\r\n            <div class=\"accordion-body\">\r\n                Sri Lanka tiene varias topograf\u00edas que producen un clima con diferentes condiciones. Al ser una isla tropical peque\u00f1a puede llover en cualquier momento del a\u00f1o. Sin embargo, una caracter\u00edstica que hay que notar es la poca variaci\u00f3n de las temperaturas. \u00a1Es verano casi todo el a\u00f1o! En general, de enero a septiembre incluido es la mejor temporada para visitar Sri Lanka. En marzo, abril y mayo puede haber algunas tormentas por las tardes, pero siempre es un momento especial que de vivir una tormenta tropical. El tiempo es imprevisible en octubre y en noviembre son los meses los m\u00e1s lluviosos del a\u00f1o, aunque haya sitios del pa\u00eds que no tengan lluvia.            <\/div>\r\n        <\/div>\r\n    <\/div>\r\n<\/div>\r\n\t\t<\/div>\n\t\t\t\t<\/div>\n\t\t\t\t<div class=\"elementor-element elementor-element-2a30987b elementor-widget elementor-widget-st_faq\" data-id=\"2a30987b\" data-element_type=\"widget\" data-widget_type=\"st_faq.default\">\n\t\t\t\t<div class=\"elementor-widget-container\">\n\t\t\t<div class=\"accordion faq style1\" id=\"accordion_viajar-con-ni\u00f1os\">\r\n    <div class=\"accordion-item\">\r\n        <h2 class=\"accordion-header\" id=\"heading_viajar-con-ni\u00f1os\">\r\n            <button class=\"accordion-button   collapsed\"\r\n                type=\"button\"\r\n                data-bs-toggle=\"collapse\"\r\n                data-bs-target=\"#st-viajar-con-ni\u00f1os\"\r\n                aria-expanded=\"false\"\r\n                aria-controls=\"viajar-con-ni\u00f1os\"\r\n            >\r\n                Viajar con ni\u00f1os            <\/button>\r\n        <\/h2>\r\n        <div id=\"st-viajar-con-ni\u00f1os\" class=\"accordion-collapse collapse \"\r\n            aria-labelledby=\"heading_viajar-con-ni\u00f1os\"\r\n            data-bs-parent=\"#accordion_viajar-con-ni\u00f1os\"\r\n        >\r\n            <div class=\"accordion-body\">\r\n                Sri Lanka es un pa\u00eds donde a los locales les encantan los ni\u00f1os, hablando con ellos y divirti\u00e9ndolos, cuando son ni\u00f1os extranjeros a\u00fan m\u00e1s.  \nLos hoteles o las pensiones, muy a menudo, ofrecen habitaciones m\u00e1s grandes para la familia.\nTambi\u00e9n hay men\u00fas especiales. Se puede encontrar pures y pa\u00f1ales en los supermercados, aunque a veces es dif\u00edcil encontrar biberones. Traeros repelente de mosquitos y protecci\u00f3n solar. El mejor sitio para los ni\u00f1os es por supuesto la playa y todo lo que va alrededor. Aunque haya otras atracciones: un viaje en tren por las sinuosas v\u00edas que llevan a las monta\u00f1as, el orfanato de elefantes de Pinnawela, el zoo de Dehiwala en Colombo. Si quer\u00e9is que los ni\u00f1os jueguen en toda seguridad mientras com\u00e9is o hac\u00e9is compras, existen zonas de juego en Odel, Urban Kitchen y Cheers Pub en el hotel Cinnamon Grand.\n            <\/div>\r\n        <\/div>\r\n    <\/div>\r\n<\/div>\r\n\t\t<\/div>\n\t\t\t\t<\/div>\n\t\t\t\t<div class=\"elementor-element elementor-element-b672ac0 elementor-widget elementor-widget-st_faq\" data-id=\"b672ac0\" data-element_type=\"widget\" data-widget_type=\"st_faq.default\">\n\t\t\t\t<div class=\"elementor-widget-container\">\n\t\t\t<div class=\"accordion faq style1\" id=\"accordion_la-duraci\u00f3n-de-la-estancia\">\r\n    <div class=\"accordion-item\">\r\n        <h2 class=\"accordion-header\" id=\"heading_la-duraci\u00f3n-de-la-estancia\">\r\n            <button class=\"accordion-button   collapsed\"\r\n                type=\"button\"\r\n                data-bs-toggle=\"collapse\"\r\n                data-bs-target=\"#st-la-duraci\u00f3n-de-la-estancia\"\r\n                aria-expanded=\"false\"\r\n                aria-controls=\"la-duraci\u00f3n-de-la-estancia\"\r\n            >\r\n                La duraci\u00f3n de la estancia            <\/button>\r\n        <\/h2>\r\n        <div id=\"st-la-duraci\u00f3n-de-la-estancia\" class=\"accordion-collapse collapse \"\r\n            aria-labelledby=\"heading_la-duraci\u00f3n-de-la-estancia\"\r\n            data-bs-parent=\"#accordion_la-duraci\u00f3n-de-la-estancia\"\r\n        >\r\n            <div class=\"accordion-body\">\r\n                 La isla de Sri Lanka tiene una talla compacta y permite el acceso a la mayor\u00eda de las atracciones en tan solo una semana. Pero para visitar la isla como se debe, os aconsejamos una estancia de 15 d\u00edas.            <\/div>\r\n        <\/div>\r\n    <\/div>\r\n<\/div>\r\n\t\t<\/div>\n\t\t\t\t<\/div>\n\t\t\t\t<div class=\"elementor-element elementor-element-76efa315 elementor-widget elementor-widget-st_faq\" data-id=\"76efa315\" data-element_type=\"widget\" data-widget_type=\"st_faq.default\">\n\t\t\t\t<div class=\"elementor-widget-container\">\n\t\t\t<div class=\"accordion faq style1\" id=\"accordion_seguro-y-consejos-de-viaje\">\r\n    <div class=\"accordion-item\">\r\n        <h2 class=\"accordion-header\" id=\"heading_seguro-y-consejos-de-viaje\">\r\n            <button class=\"accordion-button   collapsed\"\r\n                type=\"button\"\r\n                data-bs-toggle=\"collapse\"\r\n                data-bs-target=\"#st-seguro-y-consejos-de-viaje\"\r\n                aria-expanded=\"false\"\r\n                aria-controls=\"seguro-y-consejos-de-viaje\"\r\n            >\r\n                Seguro y consejos de viaje            <\/button>\r\n        <\/h2>\r\n        <div id=\"st-seguro-y-consejos-de-viaje\" class=\"accordion-collapse collapse \"\r\n            aria-labelledby=\"heading_seguro-y-consejos-de-viaje\"\r\n            data-bs-parent=\"#accordion_seguro-y-consejos-de-viaje\"\r\n        >\r\n            <div class=\"accordion-body\">\r\n                Os pedimos de coger un seguro de viaje antes de llegar a Sri Lanka. Es mas sensato suscribir un seguro de viaje al comprar los vuelos y al confirmar vuestro viaje con nosotros.            <\/div>\r\n        <\/div>\r\n    <\/div>\r\n<\/div>\r\n\t\t<\/div>\n\t\t\t\t<\/div>\n\t\t\t\t<div class=\"elementor-element elementor-element-b69f47d elementor-widget elementor-widget-st_faq\" data-id=\"b69f47d\" data-element_type=\"widget\" data-widget_type=\"st_faq.default\">\n\t\t\t\t<div class=\"elementor-widget-container\">\n\t\t\t<div class=\"accordion faq style1\" id=\"accordion_vacunas\">\r\n    <div class=\"accordion-item\">\r\n        <h2 class=\"accordion-header\" id=\"heading_vacunas\">\r\n            <button class=\"accordion-button   collapsed\"\r\n                type=\"button\"\r\n                data-bs-toggle=\"collapse\"\r\n                data-bs-target=\"#st-vacunas\"\r\n                aria-expanded=\"false\"\r\n                aria-controls=\"vacunas\"\r\n            >\r\n                Vacunas            <\/button>\r\n        <\/h2>\r\n        <div id=\"st-vacunas\" class=\"accordion-collapse collapse \"\r\n            aria-labelledby=\"heading_vacunas\"\r\n            data-bs-parent=\"#accordion_vacunas\"\r\n        >\r\n            <div class=\"accordion-body\">\r\n                Os aconsejamos de preguntar a vuestro medico de cabecera 6 semanas antes de vuestra llegada a Sri Lanka. Os dar\u00e1 bastante tiempo para hacer lo necesario.            <\/div>\r\n        <\/div>\r\n    <\/div>\r\n<\/div>\r\n\t\t<\/div>\n\t\t\t\t<\/div>\n\t\t\t\t<div class=\"elementor-element elementor-element-50cca81 elementor-widget elementor-widget-st_faq\" data-id=\"50cca81\" data-element_type=\"widget\" data-widget_type=\"st_faq.default\">\n\t\t\t\t<div class=\"elementor-widget-container\">\n\t\t\t<div class=\"accordion faq style1\" id=\"accordion_los-vuelos\">\r\n    <div class=\"accordion-item\">\r\n        <h2 class=\"accordion-header\" id=\"heading_los-vuelos\">\r\n            <button class=\"accordion-button   collapsed\"\r\n                type=\"button\"\r\n                data-bs-toggle=\"collapse\"\r\n                data-bs-target=\"#st-los-vuelos\"\r\n                aria-expanded=\"false\"\r\n                aria-controls=\"los-vuelos\"\r\n            >\r\n                Los vuelos            <\/button>\r\n        <\/h2>\r\n        <div id=\"st-los-vuelos\" class=\"accordion-collapse collapse \"\r\n            aria-labelledby=\"heading_los-vuelos\"\r\n            data-bs-parent=\"#accordion_los-vuelos\"\r\n        >\r\n            <div class=\"accordion-body\">\r\n                Varias compa\u00f1\u00edas a\u00e9reas vuelan a Sri Lanka, tal como Emirates o Singapore Airlines. Sri Lankan Airlines tambi\u00e9n tiene vuelos directos de Europa a Colombo.            <\/div>\r\n        <\/div>\r\n    <\/div>\r\n<\/div>\r\n\t\t<\/div>\n\t\t\t\t<\/div>\n\t\t\t\t<div class=\"elementor-element elementor-element-29409e2 elementor-widget elementor-widget-st_faq\" data-id=\"29409e2\" data-element_type=\"widget\" data-widget_type=\"st_faq.default\">\n\t\t\t\t<div class=\"elementor-widget-container\">\n\t\t\t<div class=\"accordion faq style1\" id=\"accordion_visados\">\r\n    <div class=\"accordion-item\">\r\n        <h2 class=\"accordion-header\" id=\"heading_visados\">\r\n            <button class=\"accordion-button   collapsed\"\r\n                type=\"button\"\r\n                data-bs-toggle=\"collapse\"\r\n                data-bs-target=\"#st-visados\"\r\n                aria-expanded=\"false\"\r\n                aria-controls=\"visados\"\r\n            >\r\n                Visados            <\/button>\r\n        <\/h2>\r\n        <div id=\"st-visados\" class=\"accordion-collapse collapse \"\r\n            aria-labelledby=\"heading_visados\"\r\n            data-bs-parent=\"#accordion_visados\"\r\n        >\r\n            <div class=\"accordion-body\">\r\n                Necesitarais un visado para entrar a Sri Lanka.\nSe puede pedir online en el portal \u201cElectronic Travel Authorization\u201d (ETA) (50 USD).\n            <\/div>\r\n        <\/div>\r\n    <\/div>\r\n<\/div>\r\n\t\t<\/div>\n\t\t\t\t<\/div>\n\t\t\t\t\t<\/div>\n\t\t<\/div>\n\t\t\t\t<div class=\"elementor-column elementor-col-50 elementor-inner-column elementor-element elementor-element-6da7a48b\" data-id=\"6da7a48b\" data-element_type=\"column\">\n\t\t\t<div class=\"elementor-widget-wrap elementor-element-populated\">\n\t\t\t\t\t\t<div class=\"elementor-element elementor-element-5fa6da0 elementor-widget elementor-widget-heading\" data-id=\"5fa6da0\" data-element_type=\"widget\" data-widget_type=\"heading.default\">\n\t\t\t\t<div class=\"elementor-widget-container\">\n\t\t\t<h3 class=\"elementor-heading-title elementor-size-default\">EL VIAJE<\/h3>\t\t<\/div>\n\t\t\t\t<\/div>\n\t\t\t\t<div class=\"elementor-element elementor-element-3c081cee elementor-widget elementor-widget-st_faq\" data-id=\"3c081cee\" data-element_type=\"widget\" data-widget_type=\"st_faq.default\">\n\t\t\t\t<div class=\"elementor-widget-container\">\n\t\t\t<div class=\"accordion faq style1\" id=\"accordion_las-compras\">\r\n    <div class=\"accordion-item\">\r\n        <h2 class=\"accordion-header\" id=\"heading_las-compras\">\r\n            <button class=\"accordion-button   collapsed\"\r\n                type=\"button\"\r\n                data-bs-toggle=\"collapse\"\r\n                data-bs-target=\"#st-las-compras\"\r\n                aria-expanded=\"false\"\r\n                aria-controls=\"las-compras\"\r\n            >\r\n                Las compras            <\/button>\r\n        <\/h2>\r\n        <div id=\"st-las-compras\" class=\"accordion-collapse collapse \"\r\n            aria-labelledby=\"heading_las-compras\"\r\n            data-bs-parent=\"#accordion_las-compras\"\r\n        >\r\n            <div class=\"accordion-body\">\r\n                La mayor\u00eda de las tiendas y almacenes en Sri Lanka tienen precios fijos. A la diferencia de la India, no se regatea mucho en los mercados. A veces las compras en tiendas locales o mercadillos valdr\u00e1n un par de d\u00f3lares \u2013 intentar recordarlo cuando quer\u00e1is regatear. Un par de d\u00f3lares para vosotros hace una gran diferencia para los locales que viven con poco.\n\n            <\/div>\r\n        <\/div>\r\n    <\/div>\r\n<\/div>\r\n\t\t<\/div>\n\t\t\t\t<\/div>\n\t\t\t\t<div class=\"elementor-element elementor-element-404be9d3 elementor-widget elementor-widget-st_faq\" data-id=\"404be9d3\" data-element_type=\"widget\" data-widget_type=\"st_faq.default\">\n\t\t\t\t<div class=\"elementor-widget-container\">\n\t\t\t<div class=\"accordion faq style1\" id=\"accordion_la-ropa\">\r\n    <div class=\"accordion-item\">\r\n        <h2 class=\"accordion-header\" id=\"heading_la-ropa\">\r\n            <button class=\"accordion-button   collapsed\"\r\n                type=\"button\"\r\n                data-bs-toggle=\"collapse\"\r\n                data-bs-target=\"#st-la-ropa\"\r\n                aria-expanded=\"false\"\r\n                aria-controls=\"la-ropa\"\r\n            >\r\n                La ropa            <\/button>\r\n        <\/h2>\r\n        <div id=\"st-la-ropa\" class=\"accordion-collapse collapse \"\r\n            aria-labelledby=\"heading_la-ropa\"\r\n            data-bs-parent=\"#accordion_la-ropa\"\r\n        >\r\n            <div class=\"accordion-body\">\r\n                En la llanura costal, faldas, pantalones o camisetas ligeras de algod\u00f3n, para entrar en los templos es mejor llevar mangas largas para las mujeres, mientras que los hombres pueden vestir con pantalones largos o cortos de algod\u00f3n con camiseta o probar el sarong local. Pensad en el sombrero, sandalias, chancletas o zapatos abiertos f\u00e1cil de ponerse y quitarse. Al ser una sociedad conservativa sobre todo en las zonas rurales, os desaconsejamos llevar faldas o pantalones muy cortos. Para el viaje en las monta\u00f1as llevaros un ligero jersey, y si os apetece hacer senderismo traeros un par de zapatos de andar. Si acaso viaj\u00e1is con ni\u00f1os, es mejor vestirlos con pantalones cortos y camiseta de algod\u00f3n, con mangas largas para protegerlos de los mosquitos.            <\/div>\r\n        <\/div>\r\n    <\/div>\r\n<\/div>\r\n\t\t<\/div>\n\t\t\t\t<\/div>\n\t\t\t\t<div class=\"elementor-element elementor-element-382551f elementor-widget elementor-widget-st_faq\" data-id=\"382551f\" data-element_type=\"widget\" data-widget_type=\"st_faq.default\">\n\t\t\t\t<div class=\"elementor-widget-container\">\n\t\t\t<div class=\"accordion faq style1\" id=\"accordion_dejar-propina\">\r\n    <div class=\"accordion-item\">\r\n        <h2 class=\"accordion-header\" id=\"heading_dejar-propina\">\r\n            <button class=\"accordion-button   collapsed\"\r\n                type=\"button\"\r\n                data-bs-toggle=\"collapse\"\r\n                data-bs-target=\"#st-dejar-propina\"\r\n                aria-expanded=\"false\"\r\n                aria-controls=\"dejar-propina\"\r\n            >\r\n                Dejar propina            <\/button>\r\n        <\/h2>\r\n        <div id=\"st-dejar-propina\" class=\"accordion-collapse collapse \"\r\n            aria-labelledby=\"heading_dejar-propina\"\r\n            data-bs-parent=\"#accordion_dejar-propina\"\r\n        >\r\n            <div class=\"accordion-body\">\r\n                Os damos algunos consejos en la documentaci\u00f3n de reglas generales que recibir\u00e9is antes de viajar.             <\/div>\r\n        <\/div>\r\n    <\/div>\r\n<\/div>\r\n\t\t<\/div>\n\t\t\t\t<\/div>\n\t\t\t\t<div class=\"elementor-element elementor-element-cfe8e5c elementor-widget elementor-widget-st_faq\" data-id=\"cfe8e5c\" data-element_type=\"widget\" data-widget_type=\"st_faq.default\">\n\t\t\t\t<div class=\"elementor-widget-container\">\n\t\t\t<div class=\"accordion faq style1\" id=\"accordion_comunicaciones\">\r\n    <div class=\"accordion-item\">\r\n        <h2 class=\"accordion-header\" id=\"heading_comunicaciones\">\r\n            <button class=\"accordion-button   collapsed\"\r\n                type=\"button\"\r\n                data-bs-toggle=\"collapse\"\r\n                data-bs-target=\"#st-comunicaciones\"\r\n                aria-expanded=\"false\"\r\n                aria-controls=\"comunicaciones\"\r\n            >\r\n                Comunicaciones            <\/button>\r\n        <\/h2>\r\n        <div id=\"st-comunicaciones\" class=\"accordion-collapse collapse \"\r\n            aria-labelledby=\"heading_comunicaciones\"\r\n            data-bs-parent=\"#accordion_comunicaciones\"\r\n        >\r\n            <div class=\"accordion-body\">\r\n                Funcionar\u00e1 vuestro m\u00f3vil si ten\u00e9is el servicio itinerante activado; recordad que, si utiliz\u00e1is el m\u00f3vil, los precios de los datos y llamadas son altos. Tambi\u00e9n pod\u00e9is comprar une tarjeta sim local, nada m\u00e1s llegar en el aeropuerto, despu\u00e9s de la aduana y inmigraci\u00f3n. Es muy f\u00e1cil recargar durante vuestro viaje. Vuestro chofer os aconsejara un operador si lo necesit\u00e1is.            <\/div>\r\n        <\/div>\r\n    <\/div>\r\n<\/div>\r\n\t\t<\/div>\n\t\t\t\t<\/div>\n\t\t\t\t<div class=\"elementor-element elementor-element-522e6867 elementor-widget elementor-widget-st_faq\" data-id=\"522e6867\" data-element_type=\"widget\" data-widget_type=\"st_faq.default\">\n\t\t\t\t<div class=\"elementor-widget-container\">\n\t\t\t<div class=\"accordion faq style1\" id=\"accordion_salud-y-bienestar\">\r\n    <div class=\"accordion-item\">\r\n        <h2 class=\"accordion-header\" id=\"heading_salud-y-bienestar\">\r\n            <button class=\"accordion-button   collapsed\"\r\n                type=\"button\"\r\n                data-bs-toggle=\"collapse\"\r\n                data-bs-target=\"#st-salud-y-bienestar\"\r\n                aria-expanded=\"false\"\r\n                aria-controls=\"salud-y-bienestar\"\r\n            >\r\n                Salud y bienestar            <\/button>\r\n        <\/h2>\r\n        <div id=\"st-salud-y-bienestar\" class=\"accordion-collapse collapse \"\r\n            aria-labelledby=\"heading_salud-y-bienestar\"\r\n            data-bs-parent=\"#accordion_salud-y-bienestar\"\r\n        >\r\n            <div class=\"accordion-body\">\r\n                Sri Lanka utiliza un sistema decimal, 100 c\u00e9ntimos son 1 rupia sri lankesa (LKR). La tasa de cambio actual es 370 LKR para 1 D\u00f3lar, y 390 LKR para 1 Euro. Hay cajeros autom\u00e1ticos diseminados por toda la isla, sacar rupias es la mejor manera de conseguir divisas locales. Pod\u00e9is cambiar d\u00f3lares y euros en cualquier sitio, tambi\u00e9n pod\u00e9is considerar los cheques de prepago.            <\/div>\r\n        <\/div>\r\n    <\/div>\r\n<\/div>\r\n\t\t<\/div>\n\t\t\t\t<\/div>\n\t\t\t\t<div class=\"elementor-element elementor-element-40e3fe2 elementor-widget elementor-widget-st_faq\" data-id=\"40e3fe2\" data-element_type=\"widget\" data-widget_type=\"st_faq.default\">\n\t\t\t\t<div class=\"elementor-widget-container\">\n\t\t\t<div class=\"accordion faq style1\" id=\"accordion_dinero-y-divisas\">\r\n    <div class=\"accordion-item\">\r\n        <h2 class=\"accordion-header\" id=\"heading_dinero-y-divisas\">\r\n            <button class=\"accordion-button   collapsed\"\r\n                type=\"button\"\r\n                data-bs-toggle=\"collapse\"\r\n                data-bs-target=\"#st-dinero-y-divisas\"\r\n                aria-expanded=\"false\"\r\n                aria-controls=\"dinero-y-divisas\"\r\n            >\r\n                Dinero y divisas            <\/button>\r\n        <\/h2>\r\n        <div id=\"st-dinero-y-divisas\" class=\"accordion-collapse collapse \"\r\n            aria-labelledby=\"heading_dinero-y-divisas\"\r\n            data-bs-parent=\"#accordion_dinero-y-divisas\"\r\n        >\r\n            <div class=\"accordion-body\">\r\n                Sri Lanka utiliza un sistema decimal, 100 c\u00e9ntimos son 1 rupia sri lankesa (LKR). La tasa de cambio actual es 370 LKR para 1 D\u00f3lar, y 390 LKR para 1 Euro. Hay cajeros autom\u00e1ticos diseminados por toda la isla, sacar rupias es la mejor manera de conseguir divisas locales. Pod\u00e9is cambiar d\u00f3lares y euros en cualquier sitio, tambi\u00e9n pod\u00e9is considerar los cheques de prepago.            <\/div>\r\n        <\/div>\r\n    <\/div>\r\n<\/div>\r\n\t\t<\/div>\n\t\t\t\t<\/div>\n\t\t\t\t\t<\/div>\n\t\t<\/div>\n\t\t\t\t\t<\/div>\n\t\t<\/section>\n\t\t\t\t<\/div>\n\t\t","protected":false},"excerpt":{"rendered":"<p>Preguntas frecuentes Aqu\u00ed os damos un resumen de los temas m\u00e1s evocados por la gente para aprovechar totalmente de vuestro viaje a un pa\u00eds con tanto por hacer. \u00a1El peque\u00f1o milagro! INFORMACIONES DE PRE-VIAJE El tiempo y cuando viajar Sri Lanka tiene varias topograf\u00edas que producen un clima con diferentes condiciones. Al ser una isla [&hellip;]<\/p>\n","protected":false},"author":1,"featured_media":0,"parent":0,"menu_order":0,"comment_status":"closed","ping_status":"closed","template":"template-blank.php","meta":{"footnotes":""},"class_list":["post-15360","page","type-page","status-publish","has-post-thumbnail","hentry"],"_links":{"self":[{"href":"https:\/\/ceylonescapade.com\/es\/wp-json\/wp\/v2\/pages\/15360","targetHints":{"allow":["GET"]}}],"collection":[{"href":"https:\/\/ceylonescapade.com\/es\/wp-json\/wp\/v2\/pages"}],"about":[{"href":"https:\/\/ceylonescapade.com\/es\/wp-json\/wp\/v2\/types\/page"}],"author":[{"embeddable":true,"href":"https:\/\/ceylonescapade.com\/es\/wp-json\/wp\/v2\/users\/1"}],"replies":[{"embeddable":true,"href":"https:\/\/ceylonescapade.com\/es\/wp-json\/wp\/v2\/comments?post=15360"}],"version-history":[{"count":10,"href":"https:\/\/ceylonescapade.com\/es\/wp-json\/wp\/v2\/pages\/15360\/revisions"}],"predecessor-version":[{"id":15371,"href":"https:\/\/ceylonescapade.com\/es\/wp-json\/wp\/v2\/pages\/15360\/revisions\/15371"}],"wp:attachment":[{"href":"https:\/\/ceylonescapade.com\/es\/wp-json\/wp\/v2\/media?parent=15360"}],"curies":[{"name":"wp","href":"https:\/\/api.w.org\/{rel}","templated":true}]}}